{"id":224,"date":"2018-03-16T06:25:12","date_gmt":"2018-03-16T06:25:12","guid":{"rendered":"http:\/\/promisterwp.local\/?page_id=224"},"modified":"2018-03-16T06:25:12","modified_gmt":"2018-03-16T06:25:12","slug":"teknik-details","status":"publish","type":"page","link":"https:\/\/www.lkqacademy.fr\/en\/teknik-details\/","title":{"rendered":"Teknik details"},"content":{"rendered":"<div class=\"col-md-4\">\n<strong>Reparationsinformation<\/strong><br \/>\nH\u00e4r hittar du information f\u00f6r anv\u00e4nda<br \/>\nm\u00e4rkets egna arbetsbeskrivningar,<br \/>\nbulletiner, elscheman med mera.<\/p>\n<\/div>\n<div class=\"col-md-4\">\n<strong>Digital servicebok<\/strong><br \/>\nH\u00e4r finns information f\u00f6r att komma<br \/>\nig\u00e5ng med anv\u00e4nda m\u00e4rkets egna<br \/>\ndigitala servicebok.<\/p>\n<\/div>\n<div class=\"col-md-4\">\n<strong>Pass Thru<\/strong><br \/>\nH\u00e4r f\u00e5r du hj\u00e4lp med att anv\u00e4nda<br \/>\nm\u00e4rkets egna Pass Thru l\u00f6sningar<br \/>\nf\u00f6r bland annat programmering<br \/>\nav styrdon.\n<\/div>\n","protected":false},"excerpt":{"rendered":"<p>Reparationsinformation H\u00e4r hittar du information f\u00f6r anv\u00e4nda m\u00e4rkets egna arbetsbeskrivningar, bulletiner, elscheman med mera. Digital servicebok H\u00e4r finns information f\u00f6r&#8230;<\/p>\n","protected":false},"author":5,"featured_media":0,"parent":0,"menu_order":0,"comment_status":"closed","ping_status":"closed","template":"","meta":{"_acf_changed":false,"footnotes":""},"class_list":["post-224","page","type-page","status-publish","hentry"],"translation":{"provider":"WPGlobus","version":"3.0.2","language":"en","enabled_languages":["fr","en"],"languages":{"fr":{"title":true,"content":true,"excerpt":false},"en":{"title":false,"content":false,"excerpt":false}}},"acf":[],"_links":{"self":[{"href":"https:\/\/www.lkqacademy.fr\/en\/wp-json\/wp\/v2\/pages\/224","targetHints":{"allow":["GET"]}}],"collection":[{"href":"https:\/\/www.lkqacademy.fr\/en\/wp-json\/wp\/v2\/pages"}],"about":[{"href":"https:\/\/www.lkqacademy.fr\/en\/wp-json\/wp\/v2\/types\/page"}],"author":[{"embeddable":true,"href":"https:\/\/www.lkqacademy.fr\/en\/wp-json\/wp\/v2\/users\/5"}],"replies":[{"embeddable":true,"href":"https:\/\/www.lkqacademy.fr\/en\/wp-json\/wp\/v2\/comments?post=224"}],"version-history":[{"count":0,"href":"https:\/\/www.lkqacademy.fr\/en\/wp-json\/wp\/v2\/pages\/224\/revisions"}],"wp:attachment":[{"href":"https:\/\/www.lkqacademy.fr\/en\/wp-json\/wp\/v2\/media?parent=224"}],"curies":[{"name":"wp","href":"https:\/\/api.w.org\/{rel}","templated":true}]}}